{"id":89,"date":"2025-09-11T21:51:59","date_gmt":"2025-09-11T21:51:59","guid":{"rendered":"https:\/\/lace.ubiobio.cl\/?page_id=89"},"modified":"2025-09-23T19:04:11","modified_gmt":"2025-09-23T19:04:11","slug":"c2","status":"publish","type":"page","link":"https:\/\/lace.ubiobio.cl\/?page_id=89","title":{"rendered":"Misi\u00f3n y Visi\u00f3n"},"content":{"rendered":"\n<h2 class=\"wp-block-heading\"><strong>Misi\u00f3n<\/strong><\/h2>\n\n\n\n<p><\/p>\n\n\n\n<p>Contribuir al desarrollo sustentable y a la transici\u00f3n energ\u00e9tica mediante investigaci\u00f3n, desarrollo,  innovaci\u00f3n y transferencia de conocimiento, en sistemas electr\u00f3nicos y algoritmos de procesamiento de datos y control. Nos enfocamos en aplicaciones para el monitoreo, la conversi\u00f3n de energ\u00eda el\u00e9ctrica y el acondicionamiento de potencia el\u00e9ctrica que fortalezcan la competitividad regional y nacional. Todo esto con un compromiso profundo con la responsabilidad social, la equidad de g\u00e9nero y la inclusi\u00f3n, aportando al desarrollo del territorio y del pa\u00eds.<\/p>\n\n\n\n<p><\/p>\n\n\n\n<p><\/p>\n\n\n\n<h2 class=\"wp-block-heading\"><strong>Visi\u00f3n<\/strong><\/h2>\n\n\n\n<p>Ser reconocidos nacional e internacionalmente como un laboratorio l\u00edder en investigaci\u00f3n, desarrollo e innovaci\u00f3n de tecnolog\u00edas aplicadas al monitoreo, conversi\u00f3n y acondicionamiento de energ\u00eda el\u00e9ctrica, fortaleciendo la competitivdad y comprometidos con el desarrollo de un mundo ambiental, social y econ\u00f3micamente sustentable mediante la formaci\u00f3n de capital humano avanzado y el desarrollo y transferencia de tecnolog\u00edas innovadoras y pertinentes a las necesidades regionales, nacionales y mundiales.<\/p>\n\n\n\n<p><\/p>\n","protected":false},"excerpt":{"rendered":"<p>Misi\u00f3n Contribuir al desarrollo sustentable y a la transici\u00f3n energ\u00e9tica mediante investigaci\u00f3n, desarrollo, innovaci\u00f3n y transferencia de conocimiento, en sistemas electr\u00f3nicos y algoritmos de procesamiento de datos y control. Nos enfocamos en aplicaciones para el monitoreo, la conversi\u00f3n de energ\u00eda el\u00e9ctrica y el acondicionamiento de potencia el\u00e9ctrica que fortalezcan la competitividad regional y nacional. Todo&#8230;<\/p>\n","protected":false},"author":1,"featured_media":0,"parent":0,"menu_order":0,"comment_status":"closed","ping_status":"closed","template":"","meta":{"footnotes":""},"class_list":["post-89","page","type-page","status-publish","hentry"],"_links":{"self":[{"href":"https:\/\/lace.ubiobio.cl\/index.php?rest_route=\/wp\/v2\/pages\/89","targetHints":{"allow":["GET"]}}],"collection":[{"href":"https:\/\/lace.ubiobio.cl\/index.php?rest_route=\/wp\/v2\/pages"}],"about":[{"href":"https:\/\/lace.ubiobio.cl\/index.php?rest_route=\/wp\/v2\/types\/page"}],"author":[{"embeddable":true,"href":"https:\/\/lace.ubiobio.cl\/index.php?rest_route=\/wp\/v2\/users\/1"}],"replies":[{"embeddable":true,"href":"https:\/\/lace.ubiobio.cl\/index.php?rest_route=%2Fwp%2Fv2%2Fcomments&post=89"}],"version-history":[{"count":16,"href":"https:\/\/lace.ubiobio.cl\/index.php?rest_route=\/wp\/v2\/pages\/89\/revisions"}],"predecessor-version":[{"id":448,"href":"https:\/\/lace.ubiobio.cl\/index.php?rest_route=\/wp\/v2\/pages\/89\/revisions\/448"}],"wp:attachment":[{"href":"https:\/\/lace.ubiobio.cl\/index.php?rest_route=%2Fwp%2Fv2%2Fmedia&parent=89"}],"curies":[{"name":"wp","href":"https:\/\/api.w.org\/{rel}","templated":true}]}}