{"id":65,"date":"2025-09-11T21:35:04","date_gmt":"2025-09-11T21:35:04","guid":{"rendered":"https:\/\/lace.ubiobio.cl\/?page_id=65"},"modified":"2025-09-12T17:24:07","modified_gmt":"2025-09-12T17:24:07","slug":"home","status":"publish","type":"page","link":"https:\/\/lace.ubiobio.cl\/","title":{"rendered":""},"content":{"rendered":"\n<p><\/p>\n\n\n\n<p><\/p>\n\n\n\n<p><\/p>\n\n\n\n<h2 class=\"wp-block-heading has-text-align-center\">Somos el Laboratorio de Acondicionamiento y Conversi\u00f3n de Energ\u00eda de la Facultad de Ingenieria de la Universidad del B\u00edo-B\u00edo<\/h2>\n\n\n\n<p><\/p>\n\n\n\n<p><\/p>\n\n\n\n<figure class=\"wp-block-image size-large\"><img loading=\"lazy\" decoding=\"async\" width=\"1024\" height=\"378\" src=\"https:\/\/lace.ubiobio.cl\/wp-content\/uploads\/2025\/09\/lab-1024x378.png\" alt=\"\" class=\"wp-image-329\" srcset=\"https:\/\/lace.ubiobio.cl\/wp-content\/uploads\/2025\/09\/lab-1024x378.png 1024w, https:\/\/lace.ubiobio.cl\/wp-content\/uploads\/2025\/09\/lab-300x111.png 300w, https:\/\/lace.ubiobio.cl\/wp-content\/uploads\/2025\/09\/lab-150x55.png 150w, https:\/\/lace.ubiobio.cl\/wp-content\/uploads\/2025\/09\/lab-768x283.png 768w, https:\/\/lace.ubiobio.cl\/wp-content\/uploads\/2025\/09\/lab-850x314.png 850w, https:\/\/lace.ubiobio.cl\/wp-content\/uploads\/2025\/09\/lab.png 1507w\" sizes=\"auto, (max-width: 1024px) 100vw, 1024px\" \/><\/figure>\n\n\n\n<p><\/p>\n\n\n\n<div class=\"wp-block-columns is-layout-flex wp-container-core-columns-is-layout-9d6595d7 wp-block-columns-is-layout-flex\">\n<div superb-addons-animation=\"fadeInUp\" class=\"wp-block-column is-layout-flow wp-block-column-is-layout-flow\" style=\"flex-basis:33.33%;opacity: 0;\">\n<p><\/p>\n\n\n\n<blockquote class=\"wp-block-quote is-layout-flow wp-block-quote-is-layout-flow\">\n<p style=\"opacity: 0;\" superb-addons-animation=\"fadeInLeft\"><strong>Estudiamos, desarrollamos y validamos aplicaciones electr\u00f3nicas en procesos que requieran la conversi\u00f3n y acondicionamiento de energ\u00eda el\u00e9ctrica<\/strong>.<\/p>\n<\/blockquote>\n\n\n\n<details class=\"wp-block-details is-layout-flow wp-block-details-is-layout-flow\"><summary><\/summary>\n<p><\/p>\n<\/details>\n\n\n\n<p><\/p>\n<\/div>\n\n\n\n<div superb-addons-animation=\"fadeInUp\" class=\"wp-block-column is-layout-flow wp-block-column-is-layout-flow\" style=\"flex-basis:66.66%;opacity: 0;\">\n<figure style=\"opacity: 0;\" superb-addons-animation=\"fadeInUp\" class=\"wp-block-image size-full is-resized\"><img loading=\"lazy\" decoding=\"async\" width=\"731\" height=\"487\" src=\"https:\/\/lace.ubiobio.cl\/wp-content\/uploads\/2025\/09\/image-22-edited.png\" alt=\"\" class=\"wp-image-332\" style=\"width:507px;height:auto\" srcset=\"https:\/\/lace.ubiobio.cl\/wp-content\/uploads\/2025\/09\/image-22-edited.png 731w, https:\/\/lace.ubiobio.cl\/wp-content\/uploads\/2025\/09\/image-22-edited-300x200.png 300w, https:\/\/lace.ubiobio.cl\/wp-content\/uploads\/2025\/09\/image-22-edited-150x100.png 150w\" sizes=\"auto, (max-width: 731px) 100vw, 731px\" \/><\/figure>\n<\/div>\n<\/div>\n\n\n\n<p><\/p>\n\n\n\n<p><\/p>\n\n\n\n<div class=\"wp-block-columns is-layout-flex wp-container-core-columns-is-layout-9d6595d7 wp-block-columns-is-layout-flex\">\n<div class=\"wp-block-column is-layout-flow wp-block-column-is-layout-flow\" style=\"flex-basis:66.66%\"><div class=\"wp-block-image\">\n<figure style=\"opacity: 0;\" superb-addons-animation=\"fadeInUp\" class=\"aligncenter size-full\"><img loading=\"lazy\" decoding=\"async\" width=\"2560\" height=\"1182\" src=\"https:\/\/lace.ubiobio.cl\/wp-content\/uploads\/2025\/09\/20250416_095859-scaled.jpg\" alt=\"\" class=\"wp-image-371\" srcset=\"https:\/\/lace.ubiobio.cl\/wp-content\/uploads\/2025\/09\/20250416_095859-scaled.jpg 2560w, https:\/\/lace.ubiobio.cl\/wp-content\/uploads\/2025\/09\/20250416_095859-300x139.jpg 300w, https:\/\/lace.ubiobio.cl\/wp-content\/uploads\/2025\/09\/20250416_095859-1024x473.jpg 1024w, https:\/\/lace.ubiobio.cl\/wp-content\/uploads\/2025\/09\/20250416_095859-150x69.jpg 150w, https:\/\/lace.ubiobio.cl\/wp-content\/uploads\/2025\/09\/20250416_095859-768x355.jpg 768w, https:\/\/lace.ubiobio.cl\/wp-content\/uploads\/2025\/09\/20250416_095859-1536x709.jpg 1536w, https:\/\/lace.ubiobio.cl\/wp-content\/uploads\/2025\/09\/20250416_095859-2048x946.jpg 2048w, https:\/\/lace.ubiobio.cl\/wp-content\/uploads\/2025\/09\/20250416_095859-850x393.jpg 850w\" sizes=\"auto, (max-width: 2560px) 100vw, 2560px\" \/><\/figure>\n<\/div><\/div>\n\n\n\n<div class=\"wp-block-column is-layout-flow wp-block-column-is-layout-flow\" style=\"flex-basis:33.33%\">\n<blockquote class=\"wp-block-quote is-layout-flow wp-block-quote-is-layout-flow\">\n<ul class=\"wp-block-list\">\n<li style=\"opacity: 0;\" superb-addons-animation=\"fadeInLeft\"><strong>Apoyamos la docencia del Departamento de Ingenier\u00eda El\u00e9ctrica Electr\u00f3nica y la Facultad de Ingenier\u00eda mediante charlas y talleres donde alumnas\/os utilizan tecnolog\u00eda de punta en su proceso de aprendizaje<\/strong><\/li>\n<\/ul>\n<\/blockquote>\n<\/div>\n<\/div>\n\n\n\n<p><\/p>\n","protected":false},"excerpt":{"rendered":"<p>Somos el Laboratorio de Acondicionamiento y Conversi\u00f3n de Energ\u00eda de la Facultad de Ingenieria de la Universidad del B\u00edo-B\u00edo Estudiamos, desarrollamos y validamos aplicaciones electr\u00f3nicas en procesos que requieran la conversi\u00f3n y acondicionamiento de energ\u00eda el\u00e9ctrica.<\/p>\n","protected":false},"author":1,"featured_media":0,"parent":0,"menu_order":0,"comment_status":"closed","ping_status":"closed","template":"templates\/template-frontpage.php","meta":{"footnotes":""},"class_list":["post-65","page","type-page","status-publish","hentry"],"_links":{"self":[{"href":"https:\/\/lace.ubiobio.cl\/index.php?rest_route=\/wp\/v2\/pages\/65","targetHints":{"allow":["GET"]}}],"collection":[{"href":"https:\/\/lace.ubiobio.cl\/index.php?rest_route=\/wp\/v2\/pages"}],"about":[{"href":"https:\/\/lace.ubiobio.cl\/index.php?rest_route=\/wp\/v2\/types\/page"}],"author":[{"embeddable":true,"href":"https:\/\/lace.ubiobio.cl\/index.php?rest_route=\/wp\/v2\/users\/1"}],"replies":[{"embeddable":true,"href":"https:\/\/lace.ubiobio.cl\/index.php?rest_route=%2Fwp%2Fv2%2Fcomments&post=65"}],"version-history":[{"count":35,"href":"https:\/\/lace.ubiobio.cl\/index.php?rest_route=\/wp\/v2\/pages\/65\/revisions"}],"predecessor-version":[{"id":406,"href":"https:\/\/lace.ubiobio.cl\/index.php?rest_route=\/wp\/v2\/pages\/65\/revisions\/406"}],"wp:attachment":[{"href":"https:\/\/lace.ubiobio.cl\/index.php?rest_route=%2Fwp%2Fv2%2Fmedia&parent=65"}],"curies":[{"name":"wp","href":"https:\/\/api.w.org\/{rel}","templated":true}]}}